{"id":84,"date":"2007-05-20T14:25:43","date_gmt":"2007-05-20T13:25:43","guid":{"rendered":"http:\/\/blogjeanmi.danslamarge.com\/cest-qui-jean-mi\/"},"modified":"2025-04-11T23:34:44","modified_gmt":"2025-04-11T22:34:44","slug":"cest-qui-jean-mi","status":"publish","type":"page","link":"https:\/\/blogjeanmi.danslamarge.com\/?page_id=84","title":{"rendered":"C&rsquo;est qui \u00ab\u00a0Jean-Mi\u00a0\u00bb ?"},"content":{"rendered":"<p>C&rsquo;est d&rsquo;abord un \u00ab\u00a0vieux gamin\u00a0\u00bb qui vient de passer la soixante-dizaine sans s&rsquo;\u00eatre jamais rendu compte que le temps passait si vite , tant il n&rsquo;a jamais connu l&rsquo;ennui.<\/p>\n<p>C&rsquo;est ensuite un esprit curieux qui, depuis l&rsquo;enfance, ne se rassasie pas d&rsquo;apprendre, de conna\u00eetre et de rencontrer des humains, ses fr\u00e8res (et parfois seulement ses cong\u00e9n\u00e8res, h\u00e9las!).<\/p>\n<p>C&rsquo;est encore un homme de passion qui joue de la stratocaster en chevauchant son deux-roues,\u00a0 les cheveux au vent sous l&rsquo;int\u00e9gral et qui tente de vivre en homme libre malgr\u00e9 tout ce qui nous en emp\u00eache .<\/p>\n<p>C&rsquo;est enfin un homme de convictions profondes, tant politiques que spirituelles, mais qui n&#8217;emmerdera jamais l&rsquo;autre s&rsquo;il\u00a0 le moque, car la libert\u00e9 est notre seul bien propre. La seule limite est le respect de la dignit\u00e9 de la personne humaine avec laquelle il ne plaisante pas. \u00ab\u00a0On peut rire de tout mais pas avec tout le monde\u00a0\u00bb Pierre Desproges, Philosophe fran\u00e7ais du XX\u00e8me si\u00e8cle, mort trop t\u00f4t. \u00ab\u00a0On est cern\u00e9 par les cons, on n&rsquo;imagine pas \u00e0 quel point\u00a0\u00bb Coluche, penseur critique de la m\u00eame \u00e9poque.<\/p>\n<p>D\u00e9brouillez-vous avec \u00e7a!<\/p>\n<p><a title=\"jeanmi-basse-web.jpg\" href=\"https:\/\/blogjeanmi.danslamarge.com\/wp-content\/uploads\/2015\/01\/jeanmi-basse-web.jpg\"><img decoding=\"async\" src=\"https:\/\/blogjeanmi.danslamarge.com\/wp-content\/uploads\/2015\/01\/jeanmi-basse-web.jpg\" alt=\"jeanmi-basse-web.jpg\" \/><\/a><\/p>\n","protected":false},"excerpt":{"rendered":"<p>C&rsquo;est d&rsquo;abord un \u00ab\u00a0vieux gamin\u00a0\u00bb qui vient de passer la soixante-dizaine sans s&rsquo;\u00eatre jamais rendu compte que le temps passait si vite , tant il&#8230;<\/p>\n<div class=\"more-link-wrapper\"><a class=\"more-link\" href=\"https:\/\/blogjeanmi.danslamarge.com\/?page_id=84\">Continue reading<span class=\"screen-reader-text\">C&rsquo;est qui \u00ab\u00a0Jean-Mi\u00a0\u00bb ?<\/span><\/a><\/div>\n","protected":false},"author":1,"featured_media":0,"parent":0,"menu_order":0,"comment_status":"open","ping_status":"open","template":"","meta":{"footnotes":""},"class_list":["post-84","page","type-page","status-publish","hentry","entry"],"_links":{"self":[{"href":"https:\/\/blogjeanmi.danslamarge.com\/index.php?rest_route=\/wp\/v2\/pages\/84","targetHints":{"allow":["GET"]}}],"collection":[{"href":"https:\/\/blogjeanmi.danslamarge.com\/index.php?rest_route=\/wp\/v2\/pages"}],"about":[{"href":"https:\/\/blogjeanmi.danslamarge.com\/index.php?rest_route=\/wp\/v2\/types\/page"}],"author":[{"embeddable":true,"href":"https:\/\/blogjeanmi.danslamarge.com\/index.php?rest_route=\/wp\/v2\/users\/1"}],"replies":[{"embeddable":true,"href":"https:\/\/blogjeanmi.danslamarge.com\/index.php?rest_route=%2Fwp%2Fv2%2Fcomments&post=84"}],"version-history":[{"count":1,"href":"https:\/\/blogjeanmi.danslamarge.com\/index.php?rest_route=\/wp\/v2\/pages\/84\/revisions"}],"predecessor-version":[{"id":1287,"href":"https:\/\/blogjeanmi.danslamarge.com\/index.php?rest_route=\/wp\/v2\/pages\/84\/revisions\/1287"}],"wp:attachment":[{"href":"https:\/\/blogjeanmi.danslamarge.com\/index.php?rest_route=%2Fwp%2Fv2%2Fmedia&parent=84"}],"curies":[{"name":"wp","href":"https:\/\/api.w.org\/{rel}","templated":true}]}}